{"id":65,"date":"2025-09-19T13:21:58","date_gmt":"2025-09-19T13:21:58","guid":{"rendered":"https:\/\/mktlevelup.com.br\/?page_id=65"},"modified":"2025-09-19T14:11:09","modified_gmt":"2025-09-19T14:11:09","slug":"obrigado","status":"publish","type":"page","link":"https:\/\/mktlevelup.com.br\/?page_id=65","title":{"rendered":"Obrigado"},"content":{"rendered":"\t\t<div data-elementor-type=\"wp-page\" data-elementor-id=\"65\" class=\"elementor elementor-65\" data-elementor-post-type=\"page\">\n\t\t\t\t<div class=\"elementor-element elementor-element-6f46ee7 e-flex e-con-boxed e-con e-parent\" data-id=\"6f46ee7\" data-element_type=\"container\" data-e-type=\"container\" data-settings=\"{&quot;background_background&quot;:&quot;classic&quot;}\">\n\t\t\t\t\t<div class=\"e-con-inner\">\n\t\t\t\t<div class=\"elementor-element elementor-element-d251cee elementor-widget elementor-widget-html\" data-id=\"d251cee\" data-element_type=\"widget\" data-e-type=\"widget\" data-widget_type=\"html.default\">\n\t\t\t\t\t<!doctype html>\r\n<html lang=\"pt-br\">\r\n<head>\r\n<meta charset=\"utf-8\">\r\n<meta name=\"viewport\" content=\"width=device-width,initial-scale=1\">\r\n<title>Obrigado! Sua vaga est\u00e1 confirmada<\/title>\r\n<meta name=\"description\" content=\"Inscri\u00e7\u00e3o confirmada na aula ao vivo da Level UP. Entre no grupo de WhatsApp (l\u00e1 enviaremos o link da sala) e j\u00e1 agende sua consultoria gratuita.\">\r\n<style>\r\n  :root{\r\n    --bg:#0b1226;\r\n    --card:#101a34;\r\n    --muted:#b7c4ec;\r\n    --text:#ecf1ff;\r\n    --yellow:#FFEA00;\r\n    --green:#7CFF7A;\r\n  }\r\n  *{box-sizing:border-box}\r\n  body{margin:0;background:radial-gradient(1200px 600px at 80% -10%, #183062 0%, transparent 60%), var(--bg);color:var(--text);font:16px\/1.55 system-ui,-apple-system,Segoe UI,Roboto,Ubuntu,\"Helvetica Neue\",Arial,sans-serif;}\r\n  a{color:inherit}\r\n  .wrap{max-width:1100px;margin:0 auto;padding:18px 18px 56px}\r\n\r\n  \/* HEADER *\/\r\n  header{display:flex;align-items:center;justify-content:space-between;gap:12px;padding:6px 0 8px}\r\n  .brand{display:flex;align-items:center;gap:10px}\r\n  .brand img{height:40px;width:auto;display:block;filter:drop-shadow(0 4px 10px rgba(0,0,0,.35))}\r\n  .brand span{font-weight:900;letter-spacing:.2px}\r\n  .evt{font-size:.95rem;color:var(--muted)}\r\n\r\n  \/* HERO *\/\r\n  .hero{padding:20px 0 10px;text-align:center}\r\n  .ok{width:72px;height:72px;margin:8px auto 14px;border-radius:50%;background:rgba(124,255,122,.12);display:grid;place-items:center;border:1px solid rgba(124,255,122,.35)}\r\n  .ok svg{width:34px;height:34px;stroke:var(--green)}\r\n  h1{margin:4px 0 8px;font-size:clamp(26px,3.6vw,40px);line-height:1.15}\r\n  .sub{color:var(--muted);margin:0 0 8px}\r\n  .countdown{font-weight:700;letter-spacing:.3px;margin-top:6px}\r\n\r\n  \/* CARD *\/\r\n  .card{background:linear-gradient(180deg,rgba(255,255,255,.04),rgba(255,255,255,.02));border:1px solid rgba(255,255,255,.14);border-radius:16px;padding:22px 20px}\r\n  .grid{display:grid;gap:18px;grid-template-columns:1.25fr 1fr;margin-top:18px}\r\n  @media (max-width:920px){.grid{grid-template-columns:1fr}}\r\n  .info-list{display:grid;gap:10px}\r\n  .row{display:grid;grid-template-columns:28px 1fr;gap:10px;align-items:flex-start}\r\n  .row svg{margin-top:2px;opacity:.95}\r\n  .muted{color:var(--muted)}\r\n\r\n  \/* BUTTONS *\/\r\n  .btns{display:flex;flex-wrap:wrap;gap:10px;margin-top:10px}\r\n  .btn{display:inline-flex;align-items:center;gap:8px;padding:12px 16px;border-radius:999px;font-weight:800;text-decoration:none;border:1px solid rgba(255,255,255,.14);background:#142043}\r\n  .btn.primary{background:var(--yellow);color:#111;border-color:rgba(0,0,0,.08);box-shadow:0 8px 18px rgba(255,234,0,.25)}\r\n  .btn:hover{transform:translateY(-1px)}\r\n  .btn svg{width:18px;height:18px}\r\n\r\n  \/* NEXT STEPS *\/\r\n  h2{font-size:clamp(20px,2.6vw,28px);margin:30px 0 12px}\r\n  .steps{display:grid;gap:12px}\r\n  .step{display:grid;grid-template-columns:28px 1fr;gap:10px;align-items:flex-start}\r\n  .step strong{display:block}\r\n\r\n  \/* BONUS *\/\r\n  .bonus{margin-top:18px}\r\n\r\n  \/* FOOTER *\/\r\n  footer{margin-top:30px;border-top:1px solid rgba(255,255,255,.08);padding-top:18px;color:var(--muted);font-size:.9rem;display:flex;flex-wrap:wrap;gap:10px;justify-content:space-between}\r\n  .legal a{color:var(--muted);text-decoration:underline dotted}\r\n<\/style>\r\n<\/head>\r\n<body>\r\n  <div class=\"wrap\">\r\n    <!-- HEADER com logo -->\r\n    <header>\r\n      <div class=\"brand\">\r\n        <img decoding=\"async\" id=\"logo\" src=\"https:\/\/mktlevelup.com.br\/wp-content\/uploads\/2024\/09\/fdsagsags.png\" alt=\"Level UP Marketing Digital\">\r\n        <span><\/span>\r\n      <\/div>\r\n      <div class=\"evt\">Aula ao vivo \u2014 M\u00e1quina de Matr\u00edculas<\/div>\r\n    <\/header>\r\n\r\n    <!-- HERO -->\r\n    <section class=\"hero\">\r\n      <div class=\"ok\" aria-hidden=\"true\">\r\n        <svg viewBox=\"0 0 24 24\" fill=\"none\"><path d=\"M20 6L9 17l-5-5\" stroke-width=\"3\" stroke-linecap=\"round\" stroke-linejoin=\"round\"\/><\/svg>\r\n      <\/div>\r\n      <h1>Inscri\u00e7\u00e3o confirmada! \u2705<\/h1>\r\n      <p class=\"sub\">Voc\u00ea est\u00e1 na <strong id=\"eventTitle\">Aula ao vivo<\/strong> da Level UP.<\/p>\r\n      <p class=\"countdown\">Faltam <span id=\"dd\">--<\/span>d <span id=\"hh\">--<\/span>h <span id=\"mm\">--<\/span>m <span id=\"ss\">--<\/span>s<\/p>\r\n    <\/section>\r\n\r\n    <!-- INFO + WHATSAPP -->\r\n    <section class=\"card grid\" aria-label=\"Detalhes do evento\">\r\n      <div class=\"left\">\r\n        <div class=\"info-list\">\r\n          <div class=\"row\">\r\n            <svg width=\"22\" height=\"22\" viewBox=\"0 0 24 24\" fill=\"none\"><rect x=\"3\" y=\"4\" width=\"18\" height=\"18\" rx=\"2\" stroke=\"currentColor\" stroke-width=\"1.8\"\/><path d=\"M16 2v4M8 2v4M3 10h18\" stroke=\"currentColor\" stroke-width=\"1.8\" stroke-linecap=\"round\"\/><\/svg>\r\n            <div>\r\n              <strong>Data e hora<\/strong>\r\n              <div class=\"muted\" id=\"eventDatePretty\">\u2014<\/div>\r\n              <div class=\"muted\">Hor\u00e1rio de Bras\u00edlia (BRT)<\/div>\r\n            <\/div>\r\n          <\/div>\r\n          <div class=\"row\">\r\n            <svg width=\"22\" height=\"22\" viewBox=\"0 0 24 24\" fill=\"none\"><path d=\"M9 11l3 3L22 4\" stroke=\"currentColor\" stroke-width=\"2\" stroke-linecap=\"round\" stroke-linejoin=\"round\"\/><path d=\"M21 12v7a2 2 0 0 1-2 2H5a2 2 0 0 1-2-2V5a2 2 0 0 1 2-2h11\" stroke=\"currentColor\" stroke-width=\"1.6\"\/><\/svg>\r\n            <div>\r\n              <strong>Onde<\/strong>\r\n              <div class=\"muted\">Online \u2014 o link ser\u00e1 enviado no <strong>grupo de WhatsApp<\/strong>.<\/div>\r\n            <\/div>\r\n          <\/div>\r\n\r\n          <div class=\"btns\">\r\n            <!-- Bot\u00e3o do grupo de WhatsApp (link atualizado) -->\r\n            <a id=\"btnWhats\" class=\"btn primary\" href=\"https:\/\/chat.whatsapp.com\/C5c5joNdkduCESQu5KEaUP?mode=ems_wa_t\" target=\"_blank\" rel=\"noopener\">\r\n              <svg viewBox=\"0 0 24 24\" fill=\"none\"><path d=\"M20.5 11.5a8.5 8.5 0 1 1-3.2-6.7l.1.1a8.5 8.5 0 0 1 3.1 6.6z\" stroke=\"currentColor\" stroke-width=\"1.7\"\/><path d=\"M8.7 8.8c.2-.5.5-.5.8-.5h.6c.2 0 .5 0 .7.5.2.5.7 1.7.8 1.8.1.2.1.3 0 .5-.1.2-.2.4-.4.6-.2.2-.4.5-.2.8.2.3.8 1.2 1.7 1.9 1.2 1 2.2 1.3 2.6 1.5.3.1.6.1.8-.1.2-.2 1-.9 1.1-1.2.1-.3 .1-.6 0-.8-.1-.3-.4-.4-.8-.6-.4-.2-1.2-.6-1.3-.7-.1-.1-.3-.1-.4.1-.1.2-.5.7-.6.8-.1.1-.2.2-.4.1-.2-.1-.9-.3-1.6-1-.6-.6-1.1-1.3-1.2-1.5-.1-.2 0-.3.1-.4.1-.1.2-.2.2-.3 .1-.1 0-.2 0-.3L9.6 9c-.1-.3-.3-.2-.4-.2h-.5c-.2 0-.4 0-.5.2l-.5.7z\" fill=\"#111\"\/><\/svg>\r\n              Entrar no grupo de WhatsApp\r\n            <\/a>\r\n          <\/div>\r\n        <\/div>\r\n      <\/div>\r\n\r\n      <aside class=\"right\">\r\n        <h2>Pr\u00f3ximos passos<\/h2>\r\n        <div class=\"steps\">\r\n          <div class=\"step\">\r\n            <svg width=\"22\" height=\"22\" viewBox=\"0 0 24 24\" fill=\"none\"><path d=\"M20 6L9 17l-5-5\" stroke=\"currentColor\" stroke-width=\"2\" stroke-linecap=\"round\" stroke-linejoin=\"round\"\/><\/svg>\r\n            <div><strong>Entre no grupo de WhatsApp.<\/strong> Toda a comunica\u00e7\u00e3o e o link da sala ser\u00e3o enviados l\u00e1.<\/div>\r\n          <\/div>\r\n          <div class=\"step\">\r\n            <svg width=\"22\" height=\"22\" viewBox=\"0 0 24 24\" fill=\"none\"><path d=\"M4 4h16v16H4z\" stroke=\"currentColor\" stroke-width=\"1.6\"\/><path d=\"M6 8h12M6 12h12M6 16h8\" stroke=\"currentColor\" stroke-width=\"1.6\" stroke-linecap=\"round\"\/><\/svg>\r\n            <div><strong> Consultoria Gratuita.<\/strong> Marque sua consultoria e transforme o plano em a\u00e7\u00e3o<\/div>\r\n          <\/div>\r\n        <\/div>\r\n      <\/aside>\r\n    <\/section>\r\n\r\n    <!-- B\u00d4NUS: CONSULTORIA GRATUITA -->\r\n    <section class=\"bonus\">\r\n      <div class=\"card\">\r\n        <h2>B\u00f4nus: Consultoria gratuita para sua escola<\/h2>\r\n        <p class=\"muted\">Agende agora sua sess\u00e3o de <strong>15\u201330 minutos<\/strong> para analisar seu funil de matr\u00edculas e montar um plano r\u00e1pido de a\u00e7\u00e3o com nosso time.<\/p>\r\n        <div class=\"btns\">\r\n          <a id=\"btnConsult\" class=\"btn primary\" href=\"https:\/\/calendly.com\/mktlevelup\/maquina-de-vendas\" target=\"_blank\" rel=\"noopener\">Agendar minha consultoria gratuita<\/a>\r\n        <\/div>\r\n        <p class=\"muted\" style=\"font-size:.95rem\">Vagas limitadas por semana. Prioridade para inscritos que estiverem no grupo de WhatsApp.<\/p>\r\n      <\/div>\r\n    <\/section>\r\n\r\n    <footer>\r\n      <div class=\"legal\">\u00a9 <span id=\"year\"><\/span> Level UP Marketing Digital \u2014 Todos os direitos reservados.<\/div>\r\n      <div class=\"legal\"><a href=\"\/termos\">Termos<\/a> \u2022 <a href=\"\/privacidade\">Privacidade<\/a><\/div>\r\n    <\/footer>\r\n  <\/div>\r\n\r\n  <!-- CONFIGURA\u00c7\u00d5ES -->\r\n  <script>\r\n    \/\/ === CONFIG ===\r\n    const EVENT_TITLE    = \"Aula ao vivo \u2014 M\u00e1quina de Matr\u00edculas\";\r\n    const EVENT_DATE_ISO = \"2025-09-09T19:00:00-03:00\"; \/\/ 09\/09 \u00e0s 19h (BRT)\r\n    \/\/ ==============\r\n\r\n    \/\/ Utils\r\n    const pad = n => `${n}`.padStart(2,\"0\");\r\n    const toBRTPretty = iso => new Intl.DateTimeFormat(\"pt-BR\", {weekday:\"long\", day:\"2-digit\", month:\"long\", hour:\"2-digit\", minute:\"2-digit\"}).format(new Date(iso));\r\n\r\n    \/\/ Preenche infos\r\n    document.getElementById(\"year\").textContent = new Date().getFullYear();\r\n    document.getElementById(\"eventTitle\").textContent = EVENT_TITLE;\r\n    document.getElementById(\"eventDatePretty\").textContent = toBRTPretty(EVENT_DATE_ISO);\r\n\r\n    \/\/ Countdown\r\n    const start = new Date(EVENT_DATE_ISO);\r\n    const dd=document.getElementById(\"dd\"), hh=document.getElementById(\"hh\"), mm=document.getElementById(\"mm\"), ss=document.getElementById(\"ss\");\r\n    const tick = () => {\r\n      const now = Date.now(), t = start.getTime() - now;\r\n      if (t <= 0){ dd.textContent=hh.textContent=mm.textContent=ss.textContent=\"00\"; clearInterval(int); return; }\r\n      const d = Math.floor(t\/86400000),\r\n            h = Math.floor((t%86400000)\/3600000),\r\n            m = Math.floor((t%3600000)\/60000),\r\n            s = Math.floor((t%60000)\/1000);\r\n      dd.textContent = pad(d); hh.textContent = pad(h); mm.textContent = pad(m); ss.textContent = pad(s);\r\n    };\r\n    tick(); const int = setInterval(tick,1000);\r\n\r\n    \/\/ Eventos de convers\u00e3o (opcional)\r\n    window.addEventListener(\"load\", () => {\r\n      if (window.fbq) fbq(\"track\",\"CompleteRegistration\");\r\n      if (window.gtag) gtag(\"event\",\"sign_up\",{method:\"LP Obrigado\"});\r\n    });\r\n  <\/script>\r\n<\/body>\r\n<\/html>\r\n\t\t\t\t<\/div>\n\t\t\t\t\t<\/div>\n\t\t\t\t<\/div>\n\t\t\t\t<\/div>\n\t\t","protected":false},"excerpt":{"rendered":"<p>Obrigado! Sua vaga est\u00e1 confirmada Aula ao vivo \u2014 M\u00e1quina de Matr\u00edculas Inscri\u00e7\u00e3o confirmada! \u2705 Voc\u00ea est\u00e1 na Aula ao [&hellip;]<\/p>\n","protected":false},"author":1,"featured_media":0,"parent":0,"menu_order":0,"comment_status":"closed","ping_status":"closed","template":"elementor_canvas","meta":{"site-sidebar-layout":"no-sidebar","site-content-layout":"","ast-site-content-layout":"full-width-container","site-content-style":"default","site-sidebar-style":"default","ast-global-header-display":"","ast-banner-title-visibility":"","ast-main-header-display":"","ast-hfb-above-header-display":"","ast-hfb-below-header-display":"","ast-hfb-mobile-header-display":"","site-post-title":"disabled","ast-breadcrumbs-content":"","ast-featured-img":"disabled","footer-sml-layout":"","ast-disable-related-posts":"","theme-transparent-header-meta":"","adv-header-id-meta":"","stick-header-meta":"","header-above-stick-meta":"","header-main-stick-meta":"","header-below-stick-meta":"","astra-migrate-meta-layouts":"default","ast-page-background-enabled":"default","ast-page-background-meta":{"desktop":{"background-color":"var(--ast-global-color-5)","background-image":"","background-repeat":"repeat","background-position":"center center","background-size":"auto","background-attachment":"scroll","background-type":"","background-media":"","overlay-type":"","overlay-color":"","overlay-opacity":"","overlay-gradient":""},"tablet":{"background-color":"","background-image":"","background-repeat":"repeat","background-position":"center center","background-size":"auto","background-attachment":"scroll","background-type":"","background-media":"","overlay-type":"","overlay-color":"","overlay-opacity":"","overlay-gradient":""},"mobile":{"background-color":"","background-image":"","background-repeat":"repeat","background-position":"center center","background-size":"auto","background-attachment":"scroll","background-type":"","background-media":"","overlay-type":"","overlay-color":"","overlay-opacity":"","overlay-gradient":""}},"ast-content-background-meta":{"desktop":{"background-color":"var(--ast-global-color-4)","background-image":"","background-repeat":"repeat","background-position":"center center","background-size":"auto","background-attachment":"scroll","background-type":"","background-media":"","overlay-type":"","overlay-color":"","overlay-opacity":"","overlay-gradient":""},"tablet":{"background-color":"var(--ast-global-color-4)","background-image":"","background-repeat":"repeat","background-position":"center center","background-size":"auto","background-attachment":"scroll","background-type":"","background-media":"","overlay-type":"","overlay-color":"","overlay-opacity":"","overlay-gradient":""},"mobile":{"background-color":"var(--ast-global-color-4)","background-image":"","background-repeat":"repeat","background-position":"center center","background-size":"auto","background-attachment":"scroll","background-type":"","background-media":"","overlay-type":"","overlay-color":"","overlay-opacity":"","overlay-gradient":""}},"footnotes":""},"class_list":["post-65","page","type-page","status-publish","hentry"],"_links":{"self":[{"href":"https:\/\/mktlevelup.com.br\/index.php?rest_route=\/wp\/v2\/pages\/65","targetHints":{"allow":["GET"]}}],"collection":[{"href":"https:\/\/mktlevelup.com.br\/index.php?rest_route=\/wp\/v2\/pages"}],"about":[{"href":"https:\/\/mktlevelup.com.br\/index.php?rest_route=\/wp\/v2\/types\/page"}],"author":[{"embeddable":true,"href":"https:\/\/mktlevelup.com.br\/index.php?rest_route=\/wp\/v2\/users\/1"}],"replies":[{"embeddable":true,"href":"https:\/\/mktlevelup.com.br\/index.php?rest_route=%2Fwp%2Fv2%2Fcomments&post=65"}],"version-history":[{"count":7,"href":"https:\/\/mktlevelup.com.br\/index.php?rest_route=\/wp\/v2\/pages\/65\/revisions"}],"predecessor-version":[{"id":74,"href":"https:\/\/mktlevelup.com.br\/index.php?rest_route=\/wp\/v2\/pages\/65\/revisions\/74"}],"wp:attachment":[{"href":"https:\/\/mktlevelup.com.br\/index.php?rest_route=%2Fwp%2Fv2%2Fmedia&parent=65"}],"curies":[{"name":"wp","href":"https:\/\/api.w.org\/{rel}","templated":true}]}}